{"id":117,"date":"2019-10-15T12:12:08","date_gmt":"2019-10-15T12:12:08","guid":{"rendered":"urn:uuid:360b5cbc-3c70-4849-921e-11ceb8a71c6b"},"modified":"2025-07-24T08:11:23","modified_gmt":"2025-07-24T08:11:23","slug":"mon-compte","status":"publish","type":"page","link":"https:\/\/halalmarriagecontract.com\/fr\/mon-compte\/","title":{"rendered":"Mon compte"},"content":{"rendered":"<div class=\"woocommerce\"><\/div>\n","protected":false},"excerpt":{"rendered":"","protected":false},"author":10,"featured_media":0,"parent":0,"menu_order":0,"comment_status":"closed","ping_status":"closed","template":"","meta":{"_acf_changed":false,"footnotes":""},"class_list":["post-117","page","type-page","status-publish","hentry"],"acf":[],"yoast_head":"<!-- This site is optimized with the Yoast SEO plugin v27.5 - https:\/\/yoast.com\/product\/yoast-seo-wordpress\/ -->\n<title>Compl\u00e9tez votre compte Contrat de mariage islamique<\/title>\n<meta name=\"description\" content=\"Finalisez votre contrat de mariage islamique sur votre compte. Paiement s\u00e9curis\u00e9 et livraison instantan\u00e9e de votre contrat de mariage personnalis\u00e9.\" \/>\n<meta name=\"robots\" content=\"index, follow, max-snippet:-1, max-image-preview:large, max-video-preview:-1\" \/>\n<link rel=\"canonical\" href=\"https:\/\/halalmarriagecontract.com\/fr\/mon-compte\/\" \/>\n<meta property=\"og:locale\" content=\"fr_FR\" \/>\n<meta property=\"og:type\" content=\"article\" \/>\n<meta property=\"og:title\" content=\"Compl\u00e9tez votre compte Contrat de mariage islamique\" \/>\n<meta property=\"og:description\" content=\"Finalisez votre contrat de mariage islamique sur votre compte. Paiement s\u00e9curis\u00e9 et livraison instantan\u00e9e de votre contrat de mariage personnalis\u00e9.\" \/>\n<meta property=\"og:url\" content=\"https:\/\/halalmarriagecontract.com\/fr\/mon-compte\/\" \/>\n<meta property=\"og:site_name\" content=\"Halal Marriage Contract\" \/>\n<meta property=\"article:modified_time\" content=\"2025-07-24T08:11:23+00:00\" \/>\n<meta name=\"twitter:card\" content=\"summary_large_image\" \/>\n<!-- \/ Yoast SEO plugin. -->","yoast_head_json":{"title":"Compl\u00e9tez votre compte Contrat de mariage islamique","description":"Finalisez votre contrat de mariage islamique sur votre compte. Paiement s\u00e9curis\u00e9 et livraison instantan\u00e9e de votre contrat de mariage personnalis\u00e9.","robots":{"index":"index","follow":"follow","max-snippet":"max-snippet:-1","max-image-preview":"max-image-preview:large","max-video-preview":"max-video-preview:-1"},"canonical":"https:\/\/halalmarriagecontract.com\/fr\/mon-compte\/","og_locale":"fr_FR","og_type":"article","og_title":"Compl\u00e9tez votre compte Contrat de mariage islamique","og_description":"Finalisez votre contrat de mariage islamique sur votre compte. Paiement s\u00e9curis\u00e9 et livraison instantan\u00e9e de votre contrat de mariage personnalis\u00e9.","og_url":"https:\/\/halalmarriagecontract.com\/fr\/mon-compte\/","og_site_name":"Halal Marriage Contract","article_modified_time":"2025-07-24T08:11:23+00:00","twitter_card":"summary_large_image","schema":{"@context":"https:\/\/schema.org","@graph":[{"@type":"WebPage","@id":"https:\/\/halalmarriagecontract.com\/fr\/mon-compte\/","url":"https:\/\/halalmarriagecontract.com\/fr\/mon-compte\/","name":"Compl\u00e9tez votre compte Contrat de mariage islamique","isPartOf":{"@id":"https:\/\/halalmarriagecontract.com\/fr\/#website"},"datePublished":"2019-10-15T12:12:08+00:00","dateModified":"2025-07-24T08:11:23+00:00","description":"Finalisez votre contrat de mariage islamique sur votre compte. Paiement s\u00e9curis\u00e9 et livraison instantan\u00e9e de votre contrat de mariage personnalis\u00e9.","breadcrumb":{"@id":"https:\/\/halalmarriagecontract.com\/fr\/mon-compte\/#breadcrumb"},"inLanguage":"fr-FR","potentialAction":[{"@type":"ReadAction","target":["https:\/\/halalmarriagecontract.com\/fr\/mon-compte\/"]}]},{"@type":"BreadcrumbList","@id":"https:\/\/halalmarriagecontract.com\/fr\/mon-compte\/#breadcrumb","itemListElement":[{"@type":"ListItem","position":1,"name":"Home","item":"https:\/\/halalmarriagecontract.com\/fr\/"},{"@type":"ListItem","position":2,"name":"Mon compte"}]},{"@type":"WebSite","@id":"https:\/\/halalmarriagecontract.com\/fr\/#website","url":"https:\/\/halalmarriagecontract.com\/fr\/","name":"Halal Marriage Contract","description":"","publisher":{"@id":"https:\/\/halalmarriagecontract.com\/fr\/#organization"},"potentialAction":[{"@type":"SearchAction","target":{"@type":"EntryPoint","urlTemplate":"https:\/\/halalmarriagecontract.com\/fr\/?s={search_term_string}"},"query-input":{"@type":"PropertyValueSpecification","valueRequired":true,"valueName":"search_term_string"}}],"inLanguage":"fr-FR"},{"@type":"Organization","@id":"https:\/\/halalmarriagecontract.com\/fr\/#organization","name":"Halal Marriage Contract","url":"https:\/\/halalmarriagecontract.com\/fr\/","logo":{"@type":"ImageObject","inLanguage":"fr-FR","@id":"https:\/\/halalmarriagecontract.com\/fr\/#\/schema\/logo\/image\/","url":"https:\/\/halalmarriagecontract.com\/wp-content\/uploads\/2025\/03\/Logo-White-bg-e1741599052997.png","contentUrl":"https:\/\/halalmarriagecontract.com\/wp-content\/uploads\/2025\/03\/Logo-White-bg-e1741599052997.png","width":490,"height":195,"caption":"Halal Marriage Contract"},"image":{"@id":"https:\/\/halalmarriagecontract.com\/fr\/#\/schema\/logo\/image\/"}}]}},"_links":{"self":[{"href":"https:\/\/halalmarriagecontract.com\/fr\/wp-json\/wp\/v2\/pages\/117","targetHints":{"allow":["GET"]}}],"collection":[{"href":"https:\/\/halalmarriagecontract.com\/fr\/wp-json\/wp\/v2\/pages"}],"about":[{"href":"https:\/\/halalmarriagecontract.com\/fr\/wp-json\/wp\/v2\/types\/page"}],"author":[{"embeddable":true,"href":"https:\/\/halalmarriagecontract.com\/fr\/wp-json\/wp\/v2\/users\/10"}],"replies":[{"embeddable":true,"href":"https:\/\/halalmarriagecontract.com\/fr\/wp-json\/wp\/v2\/comments?post=117"}],"version-history":[{"count":0,"href":"https:\/\/halalmarriagecontract.com\/fr\/wp-json\/wp\/v2\/pages\/117\/revisions"}],"wp:attachment":[{"href":"https:\/\/halalmarriagecontract.com\/fr\/wp-json\/wp\/v2\/media?parent=117"}],"curies":[{"name":"wp","href":"https:\/\/api.w.org\/{rel}","templated":true}]}}