{"id":1877,"date":"2023-06-19T15:46:36","date_gmt":"2023-06-19T15:46:36","guid":{"rendered":"urn:uuid:e89923e2-178d-4392-8407-14e2f5fc702b"},"modified":"2025-09-21T09:34:56","modified_gmt":"2025-09-21T09:34:56","slug":"politique-de-confidentialite","status":"publish","type":"page","link":"https:\/\/halalmarriagecontract.com\/fr\/politique-de-confidentialite\/","title":{"rendered":"Politique de confidentialit\u00e9"},"content":{"rendered":"\t\t<div data-elementor-type=\"wp-page\" data-elementor-id=\"1877\" class=\"elementor elementor-1877\" data-elementor-post-type=\"page\">\n\t\t\t\t<div class=\"elementor-element elementor-element-2ea46bc e-flex e-con-boxed e-con e-parent\" data-id=\"2ea46bc\" data-element_type=\"container\">\n\t\t\t\t\t<div class=\"e-con-inner\">\n\t\t<div class=\"elementor-element elementor-element-0b199ba e-con-full e-flex e-con e-child\" data-id=\"0b199ba\" data-element_type=\"container\">\n\t\t\t\t<div class=\"elementor-element elementor-element-9715276 elementor-widget elementor-widget-heading\" data-id=\"9715276\" data-element_type=\"widget\" data-widget_type=\"heading.default\">\n\t\t\t\t\t<h1 class=\"elementor-heading-title elementor-size-default\">Politique de confidentialit\u00e9<\/h1>\t\t\t\t<\/div>\n\t\t\t\t<div class=\"elementor-element elementor-element-1b64030 elementor-widget elementor-widget-text-editor\" data-id=\"1b64030\" data-element_type=\"widget\" data-widget_type=\"text-editor.default\">\n\t\t\t\t\t\t\t\t\t<p>Notre politique de confidentialit\u00e9 est con\u00e7ue pour garantir la protection et la s\u00e9curit\u00e9 des donn\u00e9es personnelles de nos clients conform\u00e9ment \u00e0 la r\u00e9glementation Suisse ou celle en vigueur dans la majeure partie des l\u00e9gislations dans le monde.<\/p>\n<p>Nous sommes conscients de l\u2019importance de la protection des donn\u00e9es personnelles dans un monde num\u00e9rique en constante \u00e9volution, et nous nous engageons \u00e0 respecter les normes les plus strictes en la mati\u00e8re.<\/p>\n<p>Nous collectons et traitons les donn\u00e9es personnelles de nos clients uniquement dans le cadre de l\u2019ex\u00e9cution de nos services et pour r\u00e9pondre \u00e0 leurs demandes. Nous ne vendons, ne partageons ni ne transf\u00e9rons \u00e0 aucun moment vos donn\u00e9es personnelles \u00e0 des tiers.<\/p>\n<p>Nous utilisons des mesures techniques et organisationnelles pour garantir la s\u00e9curit\u00e9 et la confidentialit\u00e9 des donn\u00e9es personnelles de nos clients. Nous utilisons des protocoles de s\u00e9curit\u00e9 sophistiqu\u00e9s, multiples et diversifi\u00e9s pour prot\u00e9ger vos donn\u00e9es contre les acc\u00e8s non autoris\u00e9s, les modifications ou les divulgations (pare-feu, protection DDoS, chiffrement des donn\u00e9es). Nous surveillons r\u00e9guli\u00e8rement nos syst\u00e8mes et nos processus pour nous assurer qu\u2019ils sont \u00e0 jour et conformes aux normes les plus r\u00e9centes en mati\u00e8re de protection des donn\u00e9es.<\/p>\n<p>Nous ne conservons vos donn\u00e9es personnelles que pendant la dur\u00e9e n\u00e9cessaire \u00e0 la r\u00e9alisation de nos services et nous les supprimons ensuite de mani\u00e8re s\u00e9curis\u00e9e. Par exemple, les donn\u00e9es qui rel\u00e8vent de la personnalisation de votre contrat ne sont pas conserv\u00e9es par la plateforme dans un souci de pr\u00e9servation de votre intimit\u00e9.<\/p>\n<p>Nous avons mis en place des proc\u00e9dures pour assurer la suppression s\u00e9curis\u00e9e des donn\u00e9es personnelles de nos clients, y compris la destruction physique des supports de stockage.<\/p>\n<p>Nous sommes convaincus que la protection de la vie priv\u00e9e est un droit fondamental de chaque individu et nous nous engageons au quotidien \u00e0 tout mettre en \u0153uvre pour garantir la s\u00e9curit\u00e9 et la confidentialit\u00e9 des donn\u00e9es personnelles de nos clients.<\/p>\n<p>Nous appliquons constamment toutes les mesures techniques n\u00e9cessaires afin de pr\u00e9venir toute intrusion non autoris\u00e9e dans le site et de garantir la s\u00e9curit\u00e9 des donn\u00e9es qui y sont entrepos\u00e9es temporairement.<\/p>\t\t\t\t\t\t\t\t<\/div>\n\t\t\t\t<\/div>\n\t\t\t\t\t<\/div>\n\t\t\t\t<\/div>\n\t\t\t\t<\/div>\n\t\t","protected":false},"excerpt":{"rendered":"<p>Politique de confidentialit\u00e9 Notre politique de confidentialit\u00e9 est con\u00e7ue pour garantir la protection et la s\u00e9curit\u00e9 des donn\u00e9es personnelles de nos clients conform\u00e9ment \u00e0 la r\u00e9glementation Suisse ou celle en vigueur dans la majeure partie des l\u00e9gislations dans le monde. Nous sommes conscients de l\u2019importance de la protection des donn\u00e9es personnelles dans un monde num\u00e9rique [&hellip;]<\/p>\n","protected":false},"author":10,"featured_media":7359,"parent":0,"menu_order":0,"comment_status":"closed","ping_status":"closed","template":"","meta":{"_acf_changed":false,"footnotes":""},"class_list":["post-1877","page","type-page","status-publish","has-post-thumbnail","hentry"],"acf":[],"yoast_head":"<!-- This site is optimized with the Yoast SEO plugin v27.4 - https:\/\/yoast.com\/product\/yoast-seo-wordpress\/ -->\n<title>Service Registre Mariage en ligne | Un simple questionnaire remplir<\/title>\n<meta name=\"description\" content=\"Compl\u00e9tez facilement votre registre mariage en ligne avec un simple questionnaire. Rapide, s\u00fbr et l\u00e9gal pour tous les couples.\" \/>\n<meta name=\"robots\" content=\"index, follow, max-snippet:-1, max-image-preview:large, max-video-preview:-1\" \/>\n<link rel=\"canonical\" href=\"https:\/\/halalmarriagecontract.com\/fr\/politique-de-confidentialite\/\" \/>\n<meta property=\"og:locale\" content=\"fr_FR\" \/>\n<meta property=\"og:type\" content=\"article\" \/>\n<meta property=\"og:title\" content=\"Service Registre Mariage en ligne | Un simple questionnaire remplir\" \/>\n<meta property=\"og:description\" content=\"Compl\u00e9tez facilement votre registre mariage en ligne avec un simple questionnaire. Rapide, s\u00fbr et l\u00e9gal pour tous les couples.\" \/>\n<meta property=\"og:url\" content=\"https:\/\/halalmarriagecontract.com\/fr\/politique-de-confidentialite\/\" \/>\n<meta property=\"og:site_name\" content=\"Halal Marriage Contract\" \/>\n<meta property=\"article:modified_time\" content=\"2025-09-21T09:34:56+00:00\" \/>\n<meta property=\"og:image\" content=\"https:\/\/halalmarriagecontract.com\/wp-content\/uploads\/2025\/07\/halal-marriage-contract-french.png\" \/>\n\t<meta property=\"og:image:width\" content=\"1200\" \/>\n\t<meta property=\"og:image:height\" content=\"1000\" \/>\n\t<meta property=\"og:image:type\" content=\"image\/png\" \/>\n<meta name=\"twitter:card\" content=\"summary_large_image\" \/>\n<meta name=\"twitter:label1\" content=\"Dur\u00e9e de lecture estim\u00e9e\" \/>\n\t<meta name=\"twitter:data1\" content=\"2 minutes\" \/>\n<!-- \/ Yoast SEO plugin. -->","yoast_head_json":{"title":"Service Registre Mariage en ligne | Un simple questionnaire remplir","description":"Compl\u00e9tez facilement votre registre mariage en ligne avec un simple questionnaire. Rapide, s\u00fbr et l\u00e9gal pour tous les couples.","robots":{"index":"index","follow":"follow","max-snippet":"max-snippet:-1","max-image-preview":"max-image-preview:large","max-video-preview":"max-video-preview:-1"},"canonical":"https:\/\/halalmarriagecontract.com\/fr\/politique-de-confidentialite\/","og_locale":"fr_FR","og_type":"article","og_title":"Service Registre Mariage en ligne | Un simple questionnaire remplir","og_description":"Compl\u00e9tez facilement votre registre mariage en ligne avec un simple questionnaire. Rapide, s\u00fbr et l\u00e9gal pour tous les couples.","og_url":"https:\/\/halalmarriagecontract.com\/fr\/politique-de-confidentialite\/","og_site_name":"Halal Marriage Contract","article_modified_time":"2025-09-21T09:34:56+00:00","og_image":[{"width":1200,"height":1000,"url":"https:\/\/halalmarriagecontract.com\/wp-content\/uploads\/2025\/07\/halal-marriage-contract-french.png","type":"image\/png"}],"twitter_card":"summary_large_image","twitter_misc":{"Dur\u00e9e de lecture estim\u00e9e":"2 minutes"},"schema":{"@context":"https:\/\/schema.org","@graph":[{"@type":"WebPage","@id":"https:\/\/halalmarriagecontract.com\/fr\/politique-de-confidentialite\/","url":"https:\/\/halalmarriagecontract.com\/fr\/politique-de-confidentialite\/","name":"Service Registre Mariage en ligne | Un simple questionnaire remplir","isPartOf":{"@id":"https:\/\/halalmarriagecontract.com\/fr\/#website"},"primaryImageOfPage":{"@id":"https:\/\/halalmarriagecontract.com\/fr\/politique-de-confidentialite\/#primaryimage"},"image":{"@id":"https:\/\/halalmarriagecontract.com\/fr\/politique-de-confidentialite\/#primaryimage"},"thumbnailUrl":"https:\/\/halalmarriagecontract.com\/wp-content\/uploads\/2025\/07\/halal-marriage-contract-french.png","datePublished":"2023-06-19T15:46:36+00:00","dateModified":"2025-09-21T09:34:56+00:00","description":"Compl\u00e9tez facilement votre registre mariage en ligne avec un simple questionnaire. Rapide, s\u00fbr et l\u00e9gal pour tous les couples.","breadcrumb":{"@id":"https:\/\/halalmarriagecontract.com\/fr\/politique-de-confidentialite\/#breadcrumb"},"inLanguage":"fr-FR","potentialAction":[{"@type":"ReadAction","target":["https:\/\/halalmarriagecontract.com\/fr\/politique-de-confidentialite\/"]}]},{"@type":"ImageObject","inLanguage":"fr-FR","@id":"https:\/\/halalmarriagecontract.com\/fr\/politique-de-confidentialite\/#primaryimage","url":"https:\/\/halalmarriagecontract.com\/wp-content\/uploads\/2025\/07\/halal-marriage-contract-french.png","contentUrl":"https:\/\/halalmarriagecontract.com\/wp-content\/uploads\/2025\/07\/halal-marriage-contract-french.png","width":1200,"height":1000,"caption":"halal-marriage-contract-french"},{"@type":"BreadcrumbList","@id":"https:\/\/halalmarriagecontract.com\/fr\/politique-de-confidentialite\/#breadcrumb","itemListElement":[{"@type":"ListItem","position":1,"name":"Home","item":"https:\/\/halalmarriagecontract.com\/fr\/"},{"@type":"ListItem","position":2,"name":"Politique de confidentialit\u00e9"}]},{"@type":"WebSite","@id":"https:\/\/halalmarriagecontract.com\/fr\/#website","url":"https:\/\/halalmarriagecontract.com\/fr\/","name":"Halal Marriage Contract","description":"","publisher":{"@id":"https:\/\/halalmarriagecontract.com\/fr\/#organization"},"potentialAction":[{"@type":"SearchAction","target":{"@type":"EntryPoint","urlTemplate":"https:\/\/halalmarriagecontract.com\/fr\/?s={search_term_string}"},"query-input":{"@type":"PropertyValueSpecification","valueRequired":true,"valueName":"search_term_string"}}],"inLanguage":"fr-FR"},{"@type":"Organization","@id":"https:\/\/halalmarriagecontract.com\/fr\/#organization","name":"Halal Marriage Contract","url":"https:\/\/halalmarriagecontract.com\/fr\/","logo":{"@type":"ImageObject","inLanguage":"fr-FR","@id":"https:\/\/halalmarriagecontract.com\/fr\/#\/schema\/logo\/image\/","url":"https:\/\/halalmarriagecontract.com\/wp-content\/uploads\/2025\/03\/Logo-White-bg-e1741599052997.png","contentUrl":"https:\/\/halalmarriagecontract.com\/wp-content\/uploads\/2025\/03\/Logo-White-bg-e1741599052997.png","width":490,"height":195,"caption":"Halal Marriage Contract"},"image":{"@id":"https:\/\/halalmarriagecontract.com\/fr\/#\/schema\/logo\/image\/"}}]}},"_links":{"self":[{"href":"https:\/\/halalmarriagecontract.com\/fr\/wp-json\/wp\/v2\/pages\/1877","targetHints":{"allow":["GET"]}}],"collection":[{"href":"https:\/\/halalmarriagecontract.com\/fr\/wp-json\/wp\/v2\/pages"}],"about":[{"href":"https:\/\/halalmarriagecontract.com\/fr\/wp-json\/wp\/v2\/types\/page"}],"author":[{"embeddable":true,"href":"https:\/\/halalmarriagecontract.com\/fr\/wp-json\/wp\/v2\/users\/10"}],"replies":[{"embeddable":true,"href":"https:\/\/halalmarriagecontract.com\/fr\/wp-json\/wp\/v2\/comments?post=1877"}],"version-history":[{"count":0,"href":"https:\/\/halalmarriagecontract.com\/fr\/wp-json\/wp\/v2\/pages\/1877\/revisions"}],"wp:featuredmedia":[{"embeddable":true,"href":"https:\/\/halalmarriagecontract.com\/fr\/wp-json\/wp\/v2\/media\/7359"}],"wp:attachment":[{"href":"https:\/\/halalmarriagecontract.com\/fr\/wp-json\/wp\/v2\/media?parent=1877"}],"curies":[{"name":"wp","href":"https:\/\/api.w.org\/{rel}","templated":true}]}}