{"id":253,"date":"2022-07-11T15:58:54","date_gmt":"2022-07-11T15:58:54","guid":{"rendered":"urn:uuid:c821b26f-1d9d-4c2e-b80b-3280dd68935c"},"modified":"2025-09-21T06:05:35","modified_gmt":"2025-09-21T06:05:35","slug":"a-propos","status":"publish","type":"page","link":"https:\/\/halalmarriagecontract.com\/fr\/a-propos\/","title":{"rendered":"A propos"},"content":{"rendered":"\t\t<div data-elementor-type=\"wp-page\" data-elementor-id=\"253\" class=\"elementor elementor-253 elementor-251\" data-elementor-post-type=\"page\">\n\t\t\t\t<div class=\"elementor-element elementor-element-99ad93f e-flex e-con-boxed e-con e-parent\" data-id=\"99ad93f\" data-element_type=\"container\">\n\t\t\t\t\t<div class=\"e-con-inner\">\n\t\t<div class=\"elementor-element elementor-element-c53dc65 e-con-full e-flex e-con e-child\" data-id=\"c53dc65\" data-element_type=\"container\">\n\t\t\t\t<div class=\"elementor-element elementor-element-2d1424e elementor-widget elementor-widget-heading\" data-id=\"2d1424e\" data-element_type=\"widget\" data-widget_type=\"heading.default\">\n\t\t\t\t\t<h1 class=\"elementor-heading-title elementor-size-default\">A propos<\/h1>\t\t\t\t<\/div>\n\t\t\t\t<div class=\"elementor-element elementor-element-327905b elementor-widget elementor-widget-text-editor\" data-id=\"327905b\" data-element_type=\"widget\" data-widget_type=\"text-editor.default\">\n\t\t\t\t\t\t\t\t\t<p>Alhamdulillah, nous Te remercions, \u00d4 Allah, pour nous avoir donn\u00e9 l&rsquo;opportunit\u00e9 de cr\u00e9er ce projet digital islamique qui vise \u00e0 propager Ta gloire et \u00e0 r\u00e9pandre la lumi\u00e8re de Ta v\u00e9rit\u00e9.<\/p><p>Ce site a \u00e9t\u00e9 cr\u00e9\u00e9 gr\u00e2ce \u00e0 l&rsquo;union d&rsquo;un groupe d&rsquo;entrepreneurs \u00e9voluant dans le secteur des nouvelles technologies, tous guid\u00e9s par l\u2019humilit\u00e9 envers Allah et d\u00e9vou\u00e9s profond\u00e9ment \u00e0 l&rsquo;observance de Ses lois. Leur engagement commun a \u00e9t\u00e9 une source in\u00e9puisable d&rsquo;\u00e9nergie, les amenant \u00e0 rassembler les meilleurs sp\u00e9cialistes indispensables \u00e0 l&rsquo;accomplissement de ce projet n\u00e9cessaire et ambitieux.<\/p><p>Ces entrepreneurs ont en effet consacr\u00e9 un temps consid\u00e9rable \u00e0 la recherche des talents les plus exp\u00e9riment\u00e9s, convaincus que seules les comp\u00e9tences les plus \u00e9minentes pouvaient donner naissance \u00e0 une plateforme d&rsquo;une telle envergure. Leur qu\u00eate a \u00e9t\u00e9 guid\u00e9e par la volont\u00e9 de fournir aux musulmans une ressource fiable et simple d\u2019utilisation, o\u00f9 chaque d\u00e9tail du contrat de mariage serait pris en compte dans le respect des pr\u00e9ceptes de la Charia.<\/p><p>Avec une d\u00e9termination sans faille, ce groupe visionnaire a \u0153uvr\u00e9 sans rel\u00e2che pour concr\u00e9tiser leur id\u00e9e novatrice. Ils ont scrut\u00e9 le paysage technologique, identifiant les experts les plus qualifi\u00e9s dans les domaines du droit islamique, de l&rsquo;ing\u00e9nierie logicielle et de la s\u00e9curit\u00e9 des donn\u00e9es. Ces artisans du num\u00e9rique, anim\u00e9s par une passion commune pour l&rsquo;Islam, ont uni leurs forces pour donner vie \u00e0 Halalmarriagecontract.com.<\/p><p>La collaboration \u00e9troite de ces esprits enthousiastes a \u00e9t\u00e9 le pilier fondateur de cette plateforme. Chacun, avec ses comp\u00e9tences et son expertise sp\u00e9cifiques, a apport\u00e9 une contribution essentielle \u00e0 l&rsquo;ach\u00e8vement de ce projet ambitieux. Des juristes sp\u00e9cialis\u00e9s dans la Charia ont veill\u00e9 \u00e0 ce que chaque clause et chaque disposition du contrat respectent les principes fondamentaux de l&rsquo;Islam, tandis que les d\u00e9veloppeurs informatiques ont exploit\u00e9 leur savoir-faire pour cr\u00e9er une interface simple \u00e0 utiliser et s\u00e9curis\u00e9e.<\/p><p>Leur d\u00e9termination a \u00e9t\u00e9 r\u00e9compens\u00e9e lorsque la plateforme Halalmarriagecontract.com a vu le jour, incarnant leur vision d&rsquo;un outil num\u00e9rique r\u00e9volutionnaire au service de la communaut\u00e9 musulmane. Gr\u00e2ce \u00e0 leur collaboration fructueuse, ils ont r\u00e9ussi \u00e0 offrir un moyen simple et efficace de personnaliser les contrats de mariage, facilitant ainsi la vie des couples qui souhaitent respecter les enseignements de la Charia.<\/p><p>Le site b\u00e9n\u00e9ficie de la pr\u00e9sence d\u2019un comit\u00e9 de Charia, constitu\u00e9 de professeurs hautement qualifi\u00e9s et offre donc une assurance compl\u00e8te quant \u00e0 sa conformit\u00e9 rigoureuse avec les principes, les normes et les exigences de la Charia.<\/p><p>Ce projet collectif t\u00e9moigne de la capacit\u00e9 de la Oumma \u00e0 unir ses forces afin de r\u00e9ussir des accomplissements remarquables. Il incarne l&rsquo;esprit d&rsquo;innovation et de d\u00e9vouement, o\u00f9 les entrepreneurs technologiques embrassent les valeurs islamiques tout en contribuant au progr\u00e8s et au bien-\u00eatre de la soci\u00e9t\u00e9. Leur parcours peut \u00eatre une inspiration pour tous ceux qui aspirent \u00e0 marier harmonieusement foi et technologie, pour la satisfaction et l&rsquo;\u00e9panouissement de la communaut\u00e9 musulmane.<\/p>\t\t\t\t\t\t\t\t<\/div>\n\t\t\t\t<\/div>\n\t\t\t\t\t<\/div>\n\t\t\t\t<\/div>\n\t\t\t\t<\/div>\n\t\t","protected":false},"excerpt":{"rendered":"<p>A propos Alhamdulillah, nous Te remercions, \u00d4 Allah, pour nous avoir donn\u00e9 l&rsquo;opportunit\u00e9 de cr\u00e9er ce projet digital islamique qui vise \u00e0 propager Ta gloire et \u00e0 r\u00e9pandre la lumi\u00e8re de Ta v\u00e9rit\u00e9. Ce site a \u00e9t\u00e9 cr\u00e9\u00e9 gr\u00e2ce \u00e0 l&rsquo;union d&rsquo;un groupe d&rsquo;entrepreneurs \u00e9voluant dans le secteur des nouvelles technologies, tous guid\u00e9s par l\u2019humilit\u00e9 [&hellip;]<\/p>\n","protected":false},"author":10,"featured_media":7359,"parent":0,"menu_order":0,"comment_status":"closed","ping_status":"closed","template":"","meta":{"_acf_changed":false,"footnotes":""},"class_list":["post-253","page","type-page","status-publish","has-post-thumbnail","hentry"],"acf":[],"yoast_head":"<!-- This site is optimized with the Yoast SEO plugin v27.4 - https:\/\/yoast.com\/product\/yoast-seo-wordpress\/ -->\n<title>Contrat de mariage islamique en ligne | Sans avocat imam<\/title>\n<meta name=\"description\" content=\"R\u00e9digez facilement un contrat de mariage islamique en ligne, sans avocat ni imam. Rapide, clair et 100% l\u00e9gal pour votre union.\" \/>\n<meta name=\"robots\" content=\"index, follow, max-snippet:-1, max-image-preview:large, max-video-preview:-1\" \/>\n<link rel=\"canonical\" href=\"https:\/\/halalmarriagecontract.com\/fr\/a-propos\/\" \/>\n<meta property=\"og:locale\" content=\"fr_FR\" \/>\n<meta property=\"og:type\" content=\"article\" \/>\n<meta property=\"og:title\" content=\"Contrat de mariage islamique en ligne | Sans avocat imam\" \/>\n<meta property=\"og:description\" content=\"R\u00e9digez facilement un contrat de mariage islamique en ligne, sans avocat ni imam. Rapide, clair et 100% l\u00e9gal pour votre union.\" \/>\n<meta property=\"og:url\" content=\"https:\/\/halalmarriagecontract.com\/fr\/a-propos\/\" \/>\n<meta property=\"og:site_name\" content=\"Halal Marriage Contract\" \/>\n<meta property=\"article:modified_time\" content=\"2025-09-21T06:05:35+00:00\" \/>\n<meta property=\"og:image\" content=\"https:\/\/halalmarriagecontract.com\/wp-content\/uploads\/2025\/07\/halal-marriage-contract-french.png\" \/>\n\t<meta property=\"og:image:width\" content=\"1200\" \/>\n\t<meta property=\"og:image:height\" content=\"1000\" \/>\n\t<meta property=\"og:image:type\" content=\"image\/png\" \/>\n<meta name=\"twitter:card\" content=\"summary_large_image\" \/>\n<meta name=\"twitter:label1\" content=\"Dur\u00e9e de lecture estim\u00e9e\" \/>\n\t<meta name=\"twitter:data1\" content=\"3 minutes\" \/>\n<!-- \/ Yoast SEO plugin. -->","yoast_head_json":{"title":"Contrat de mariage islamique en ligne | Sans avocat imam","description":"R\u00e9digez facilement un contrat de mariage islamique en ligne, sans avocat ni imam. Rapide, clair et 100% l\u00e9gal pour votre union.","robots":{"index":"index","follow":"follow","max-snippet":"max-snippet:-1","max-image-preview":"max-image-preview:large","max-video-preview":"max-video-preview:-1"},"canonical":"https:\/\/halalmarriagecontract.com\/fr\/a-propos\/","og_locale":"fr_FR","og_type":"article","og_title":"Contrat de mariage islamique en ligne | Sans avocat imam","og_description":"R\u00e9digez facilement un contrat de mariage islamique en ligne, sans avocat ni imam. Rapide, clair et 100% l\u00e9gal pour votre union.","og_url":"https:\/\/halalmarriagecontract.com\/fr\/a-propos\/","og_site_name":"Halal Marriage Contract","article_modified_time":"2025-09-21T06:05:35+00:00","og_image":[{"width":1200,"height":1000,"url":"https:\/\/halalmarriagecontract.com\/wp-content\/uploads\/2025\/07\/halal-marriage-contract-french.png","type":"image\/png"}],"twitter_card":"summary_large_image","twitter_misc":{"Dur\u00e9e de lecture estim\u00e9e":"3 minutes"},"schema":{"@context":"https:\/\/schema.org","@graph":[{"@type":"WebPage","@id":"https:\/\/halalmarriagecontract.com\/fr\/a-propos\/","url":"https:\/\/halalmarriagecontract.com\/fr\/a-propos\/","name":"Contrat de mariage islamique en ligne | Sans avocat imam","isPartOf":{"@id":"https:\/\/halalmarriagecontract.com\/fr\/#website"},"primaryImageOfPage":{"@id":"https:\/\/halalmarriagecontract.com\/fr\/a-propos\/#primaryimage"},"image":{"@id":"https:\/\/halalmarriagecontract.com\/fr\/a-propos\/#primaryimage"},"thumbnailUrl":"https:\/\/halalmarriagecontract.com\/wp-content\/uploads\/2025\/07\/halal-marriage-contract-french.png","datePublished":"2022-07-11T15:58:54+00:00","dateModified":"2025-09-21T06:05:35+00:00","description":"R\u00e9digez facilement un contrat de mariage islamique en ligne, sans avocat ni imam. Rapide, clair et 100% l\u00e9gal pour votre union.","breadcrumb":{"@id":"https:\/\/halalmarriagecontract.com\/fr\/a-propos\/#breadcrumb"},"inLanguage":"fr-FR","potentialAction":[{"@type":"ReadAction","target":["https:\/\/halalmarriagecontract.com\/fr\/a-propos\/"]}]},{"@type":"ImageObject","inLanguage":"fr-FR","@id":"https:\/\/halalmarriagecontract.com\/fr\/a-propos\/#primaryimage","url":"https:\/\/halalmarriagecontract.com\/wp-content\/uploads\/2025\/07\/halal-marriage-contract-french.png","contentUrl":"https:\/\/halalmarriagecontract.com\/wp-content\/uploads\/2025\/07\/halal-marriage-contract-french.png","width":1200,"height":1000,"caption":"halal-marriage-contract-french"},{"@type":"BreadcrumbList","@id":"https:\/\/halalmarriagecontract.com\/fr\/a-propos\/#breadcrumb","itemListElement":[{"@type":"ListItem","position":1,"name":"Home","item":"https:\/\/halalmarriagecontract.com\/fr\/"},{"@type":"ListItem","position":2,"name":"A propos"}]},{"@type":"WebSite","@id":"https:\/\/halalmarriagecontract.com\/fr\/#website","url":"https:\/\/halalmarriagecontract.com\/fr\/","name":"Halal Marriage Contract","description":"","publisher":{"@id":"https:\/\/halalmarriagecontract.com\/fr\/#organization"},"potentialAction":[{"@type":"SearchAction","target":{"@type":"EntryPoint","urlTemplate":"https:\/\/halalmarriagecontract.com\/fr\/?s={search_term_string}"},"query-input":{"@type":"PropertyValueSpecification","valueRequired":true,"valueName":"search_term_string"}}],"inLanguage":"fr-FR"},{"@type":"Organization","@id":"https:\/\/halalmarriagecontract.com\/fr\/#organization","name":"Halal Marriage Contract","url":"https:\/\/halalmarriagecontract.com\/fr\/","logo":{"@type":"ImageObject","inLanguage":"fr-FR","@id":"https:\/\/halalmarriagecontract.com\/fr\/#\/schema\/logo\/image\/","url":"https:\/\/halalmarriagecontract.com\/wp-content\/uploads\/2025\/03\/Logo-White-bg-e1741599052997.png","contentUrl":"https:\/\/halalmarriagecontract.com\/wp-content\/uploads\/2025\/03\/Logo-White-bg-e1741599052997.png","width":490,"height":195,"caption":"Halal Marriage Contract"},"image":{"@id":"https:\/\/halalmarriagecontract.com\/fr\/#\/schema\/logo\/image\/"}}]}},"_links":{"self":[{"href":"https:\/\/halalmarriagecontract.com\/fr\/wp-json\/wp\/v2\/pages\/253","targetHints":{"allow":["GET"]}}],"collection":[{"href":"https:\/\/halalmarriagecontract.com\/fr\/wp-json\/wp\/v2\/pages"}],"about":[{"href":"https:\/\/halalmarriagecontract.com\/fr\/wp-json\/wp\/v2\/types\/page"}],"author":[{"embeddable":true,"href":"https:\/\/halalmarriagecontract.com\/fr\/wp-json\/wp\/v2\/users\/10"}],"replies":[{"embeddable":true,"href":"https:\/\/halalmarriagecontract.com\/fr\/wp-json\/wp\/v2\/comments?post=253"}],"version-history":[{"count":0,"href":"https:\/\/halalmarriagecontract.com\/fr\/wp-json\/wp\/v2\/pages\/253\/revisions"}],"wp:featuredmedia":[{"embeddable":true,"href":"https:\/\/halalmarriagecontract.com\/fr\/wp-json\/wp\/v2\/media\/7359"}],"wp:attachment":[{"href":"https:\/\/halalmarriagecontract.com\/fr\/wp-json\/wp\/v2\/media?parent=253"}],"curies":[{"name":"wp","href":"https:\/\/api.w.org\/{rel}","templated":true}]}}